{"id":54,"date":"2023-11-02T13:56:51","date_gmt":"2023-11-02T13:56:51","guid":{"rendered":"https:\/\/wider-sa.ch\/?page_id=54"},"modified":"2024-08-13T12:01:44","modified_gmt":"2024-08-13T12:01:44","slug":"contact","status":"publish","type":"page","link":"https:\/\/wider-sa.ch\/en\/contact\/","title":{"rendered":"Contact"},"content":{"rendered":"<section class=\"hero-section section has-filter has-border\">\n\n    \n    <div class=\"section-inner page-title\">\n\n        <div class=\"wrapper\">\n\n            \n                <h1 class=\"h1 pagetitle\" data-title=\"Contact\"><span class=\"word-lettering do-anim\">How to find us<\/span><\/h1>\n            \n        <\/div>\n\n                <div class=\"page-title-filter wrapper\">\n                    <ul class=\"fs-filter\">\n        \n                    <li class=\"fs-tab-item\"><a href=\"#montreux\" class=\"fs-tab-selector\" data-tab-group=\"fs-tab-group-contact\">Montreux<\/a><\/li>\n                    <li class=\"fs-tab-item\"><a href=\"#bussigny\" class=\"fs-tab-selector\" data-tab-group=\"fs-tab-group-contact\">Bussigny<\/a><\/li>\n                    <li class=\"fs-tab-item\"><a href=\"#geneve\" class=\"fs-tab-selector\" data-tab-group=\"fs-tab-group-contact\">Geneva<\/a><\/li>\n                    <li class=\"fs-tab-item\"><a href=\"#crans-montana\" class=\"fs-tab-selector\" data-tab-group=\"fs-tab-group-contact\">Crans-Montana<\/a><\/li>\n                    <li class=\"fs-tab-item\"><a href=\"#italie\" class=\"fs-tab-selector\" data-tab-group=\"fs-tab-group-contact\">Italy<\/a><\/li>\n                    <li class=\"fs-tab-item\"><a href=\"#usa\" class=\"fs-tab-selector\" data-tab-group=\"fs-tab-group-contact\">USA<\/a><\/li>\n        \n    <\/ul>    \n            <\/div>\n        \n    <\/div>\n        \n    \n    \n<\/section>\n\n\n\n\n\n\n<section class=\"adresses-section section\">\n    <div class=\"section-inner\">\n        <div class=\"wrapper-full\">\n\n                <div class=\"fs-tab-group\" id=\"fs-tab-group-contact\">\n\n                            <div class=\"fs-tab-item is-active\" data-tab-id=\"#montreux\">\n\n                    \n<div class=\"grid-row spaced-xlarge location-item\" data-title=\"Wider SA Montreux\">\n\t<div class=\"col-6\">\n\t\t<h3>Wider SA Montreux<\/h3>\n\t\t\t\t\t\t<span class=\"fs-tag\">Workshop<\/span>\n\t\t\t\t\t<\/div>\n\t<div class=\"col-6\">\n\t\t\t\t<ul class=\"fs-list list-label-value\">\n\t\t\t<li>\n\t\t\t\t<span class=\"list-label\"><strong>Address<\/strong><\/span>\n\t\t\t\t<span class=\"list-value\"><a href=\"https:\/\/www.google.com\/maps\/search\/?api=1&#038;query=Chemin+du+Pierrier+1%2C+1815+Clarens\" target=\"_blank\">Chemin du Pierrier 1, 1815 Clarens (CH)<\/a><\/span>\n\t\t\t<\/li>\n\t\t\t<li>\n\t\t\t\t<span class=\"list-label\"><strong>E-mail<\/strong><\/span>\n\t\t\t\t<span class=\"list-value\"><a href=\"mailto:montreux@wider-sa.ch\">montreux@wider-sa.ch<\/a><\/span>\n\t\t\t<\/li>\t\t\t<li>\n\t\t\t\t<span class=\"list-label\"><strong>Phone<\/strong><\/span>\n\t\t\t\t<span class=\"list-value\"><a href=\"tel: 41 21 989 22 66\">+41 21 989 22 66<\/a><\/span>\n\t\t\t<\/li>\t\t<\/ul>\n\t<\/div>\n<\/div>\n\n                <\/div>\n                            <div class=\"fs-tab-item\" data-tab-id=\"#geneve\">\n\n                    \n<div class=\"grid-row spaced-xlarge location-item\" data-title=\"Wider SA R\u00e9gion Gen\u00e8ve\">\n\t<div class=\"col-6\">\n\t\t<h3>Wider SA R\u00e9gion Gen\u00e8ve<\/h3>\n\t\t\t\t\t\t<span class=\"fs-tag\">Workshop<\/span>\n\t\t\t\t\t<\/div>\n\t<div class=\"col-6\">\n\t\t\t\t<ul class=\"fs-list list-label-value\">\n\t\t\t<li>\n\t\t\t\t<span class=\"list-label\"><strong>Address<\/strong><\/span>\n\t\t\t\t<span class=\"list-value\"><a href=\"https:\/\/www.google.com\/maps\/search\/?api=1&#038;query=Route+des+Mouli%C3%A8res+10bis%2C+1242+Satigny\" target=\"_blank\">Route des Mouli\u00e8res 10bis, 1242 Satigny (CH)<\/a><\/span>\n\t\t\t<\/li>\n\t\t\t<li>\n\t\t\t\t<span class=\"list-label\"><strong>E-mail<\/strong><\/span>\n\t\t\t\t<span class=\"list-value\"><a href=\"mailto:geneve@wider-sa.ch\">geneve@wider-sa.ch<\/a><\/span>\n\t\t\t<\/li>\t\t\t<li>\n\t\t\t\t<span class=\"list-label\"><strong>Phone<\/strong><\/span>\n\t\t\t\t<span class=\"list-value\"><a href=\"tel: 41 22 949 09 09\">+41 22 949 09 09<\/a><\/span>\n\t\t\t<\/li>\t\t<\/ul>\n\t<\/div>\n<\/div>\n\n                <\/div>\n                            <div class=\"fs-tab-item\" data-tab-id=\"#bussigny\">\n\n                    \n<div class=\"grid-row spaced-xlarge location-item\" data-title=\"Wider SA \/ Espace Wider\">\n\t<div class=\"col-6\">\n\t\t<h3>Wider SA \/ Espace Wider<\/h3>\n\t\t\t\t\t\t<span class=\"fs-tag\">Workshop<\/span>\n\t\t\t\t<span class=\"fs-tag\">Showroom<\/span>\n\t\t\t\t\t<\/div>\n\t<div class=\"col-6\">\n\t\t\t\t<ul class=\"fs-list list-label-value\">\n\t\t\t<li>\n\t\t\t\t<span class=\"list-label\"><strong>Address<\/strong><\/span>\n\t\t\t\t<span class=\"list-value\"><a href=\"https:\/\/www.google.com\/maps\/search\/?api=1&#038;query=Route+de+la+Chaux+5%2C+1030+Bussigny\" target=\"_blank\">Route de la Chaux 5, 1030 Bussigny (CH)<\/a><\/span>\n\t\t\t<\/li>\n\t\t\t<li>\n\t\t\t\t<span class=\"list-label\"><strong>E-mail<\/strong><\/span>\n\t\t\t\t<span class=\"list-value\"><a href=\"mailto:bussigny@wider-sa.ch\">bussigny@wider-sa.ch<\/a><\/span>\n\t\t\t<\/li>\t\t\t<li>\n\t\t\t\t<span class=\"list-label\"><strong>Phone<\/strong><\/span>\n\t\t\t\t<span class=\"list-value\"><a href=\"tel: 41 21 804 99 66\">+41 21 804 99 66<\/a><\/span>\n\t\t\t<\/li>\t\t<\/ul>\n\t<\/div>\n<\/div>\n\n                <\/div>\n                            <div class=\"fs-tab-item\" data-tab-id=\"#crans-montana\">\n\n                    \n<div class=\"grid-row spaced-xlarge location-item\" data-title=\"Wider Crans-Montana\">\n\t<div class=\"col-6\">\n\t\t<h3>Wider Crans-Montana<\/h3>\n\t\t\t\t\t\t<span class=\"fs-tag\">Showroom<\/span>\n\t\t\t\t\t<\/div>\n\t<div class=\"col-6\">\n\t\t\t\t<ul class=\"fs-list list-label-value\">\n\t\t\t<li>\n\t\t\t\t<span class=\"list-label\"><strong>Address<\/strong><\/span>\n\t\t\t\t<span class=\"list-value\"><a href=\"https:\/\/www.google.com\/maps\/search\/?api=1&#038;query=Rue+Centrale+25A%2C+3963+Crans-Montana\" target=\"_blank\">Rue Centrale 25A, 3963 Crans-Montana (CH)<\/a><\/span>\n\t\t\t<\/li>\n\t\t\t<li>\n\t\t\t\t<span class=\"list-label\"><strong>E-mail<\/strong><\/span>\n\t\t\t\t<span class=\"list-value\"><a href=\"mailto:crans@wider-sa.ch\">crans@wider-sa.ch<\/a><\/span>\n\t\t\t<\/li>\t\t\t<li>\n\t\t\t\t<span class=\"list-label\"><strong>Phone<\/strong><\/span>\n\t\t\t\t<span class=\"list-value\"><a href=\"tel: 41 27 485 41 20\">+41 27 485 41 20<\/a><\/span>\n\t\t\t<\/li>\t\t<\/ul>\n\t<\/div>\n<\/div>\n\n                <\/div>\n                            <div class=\"fs-tab-item\" data-tab-id=\"#italie\">\n\n                    \n<div class=\"grid-row spaced-xlarge location-item\" data-title=\"Wider Italia SRL\">\n\t<div class=\"col-6\">\n\t\t<h3>Wider Italia SRL<\/h3>\n\t\tItalian subsidiary\t<\/div>\n\t<div class=\"col-6\">\n\t\t\t\t<ul class=\"fs-list list-label-value\">\n\t\t\t<li>\n\t\t\t\t<span class=\"list-label\"><strong>Address<\/strong><\/span>\n\t\t\t\t<span class=\"list-value\"><a href=\"https:\/\/www.google.com\/maps\/search\/?api=1&#038;query=Via+Lombardia+83%2C+22063+Cant%C3%B9\" target=\"_blank\">Via Lombardia 83, 22063 Cant\u00f9 (IT)<\/a><\/span>\n\t\t\t<\/li>\n\t\t\t<li>\n\t\t\t\t<span class=\"list-label\"><strong>E-mail<\/strong><\/span>\n\t\t\t\t<span class=\"list-value\"><a href=\"mailto:italia@wider-sa.it\">italia@wider-sa.it<\/a><\/span>\n\t\t\t<\/li>\t\t\t<li>\n\t\t\t\t<span class=\"list-label\"><strong>Phone<\/strong><\/span>\n\t\t\t\t<span class=\"list-value\"><a href=\"tel: 39 031 73 37 58\">+39 031 73 37 58<\/a><\/span>\n\t\t\t<\/li>\t\t<\/ul>\n\t<\/div>\n<\/div>\n\n                <\/div>\n                            <div class=\"fs-tab-item\" data-tab-id=\"#usa\">\n\n                    \n<div class=\"grid-row spaced-xlarge location-item\" data-title=\"Wider Inc\">\n\t<div class=\"col-6\">\n\t\t<h3>Wider Inc<\/h3>\n\t\tAmerican subsidiary\t<\/div>\n\t<div class=\"col-6\">\n\t\t\t\t<ul class=\"fs-list list-label-value\">\n\t\t\t<li>\n\t\t\t\t<span class=\"list-label\"><strong>Address<\/strong><\/span>\n\t\t\t\t<span class=\"list-value\"><a href=\"https:\/\/www.google.com\/maps\/search\/?api=1&#038;query=416+W+13th+St%2C+Room+200+%E2%80%93+10014+New+York\" target=\"_blank\">416 W 13th St, Room 200 - 10014 New York (US)<\/a><\/span>\n\t\t\t<\/li>\n\t\t\t<li>\n\t\t\t\t<span class=\"list-label\"><strong>E-mail<\/strong><\/span>\n\t\t\t\t<span class=\"list-value\"><a href=\"mailto:newyork@wider-inc.com\">newyork@wider-inc.com<\/a><\/span>\n\t\t\t<\/li>\t\t\t<li>\n\t\t\t\t<span class=\"list-label\"><strong>Phone<\/strong><\/span>\n\t\t\t\t<span class=\"list-value\"><a href=\"tel: 1 917 242 63 48\">+1 917 242 63 48<\/a><\/span>\n\t\t\t<\/li>\t\t<\/ul>\n\t<\/div>\n<\/div>\n\n                <\/div>\n            \n        <\/div>\n        \n\n        <div class=\"fs-spacer-large\"><\/div>\n        \n<div id=\"map-container\" style=\"height: 600px;\"><\/div> \n\n<link rel=\"stylesheet\" href=\"https:\/\/unpkg.com\/leaflet@1.9.4\/dist\/leaflet.css\" \/>\n<script src=\"https:\/\/unpkg.com\/leaflet@1.9.4\/dist\/leaflet.js\"><\/script>\n\n<link rel=\"stylesheet\" href=\"https:\/\/unpkg.com\/leaflet-gesture-handling\/dist\/leaflet-gesture-handling.css\" \/>\n<script src=\"https:\/\/unpkg.com\/leaflet-gesture-handling\"><\/script>\n\n\n<script type=\"text\/javascript\">\n    \/\/ Initialize the map\n    var map;\n    var markers = []; \/\/ Array to store all markers\n\n    function initMap() {\n        \/\/ Create a map centered at the specified coordinates\n        map = L.map('map-container', {\n            center: [parseFloat(46.44199217504), parseFloat(6.889668175434)],\n            zoom: parseFloat(9),\n            zoomControl: false, \/\/ Disable default zoom control\n            attributionControl: false, \/\/ Disable default attribution\n            gestureHandling: true \/\/ Aktiviert das Feature\n        });\n\n        \/\/ Add a greyscale tile layer from OpenStreetMap\n        L.tileLayer('https:\/\/{s}.tile.openstreetmap.org\/{z}\/{x}\/{y}.png', {\n            attribution: '&copy; <a href=\"https:\/\/www.openstreetmap.org\/copyright\">OpenStreetMap<\/a> contributors',\n            className: 'map-tiles-greyscale', \/\/ Add a class for greyscale styling\n        }).addTo(map);\n\n        \/\/ Add custom CSS for greyscale effect\n        var style = document.createElement('style');\n        style.textContent = `\n            .map-tiles-greyscale {\n                filter: grayscale(100%) brightness(100%);\n            }\n        `;\n        document.head.appendChild(style);\n\n        \/\/ Array of locations with corresponding numbers\n        var markersData = [\n                        { address: 'Chemin du Pierrier 1, 1815 Clarens, CH', latitude: '46.44199217504', longitude: '6.889668175434', number: '', title: 'Wider SA Montreux', pin_text: `<h6><strong>Wider SA Montreux<br \/>\n<small class=\"greyed\">Atelier<\/small><\/strong><\/h6>\n<p><strong>Collaborateurs<\/strong>: 192<br \/>\n<strong>Surface<\/strong>: 5&rsquo;780m2 (ateliers + bureau + d\u00e9pot)<\/p>\n` },\n                        { address: 'Route des Mouli\u00e8res 10bis, 1242 Satigny, CH', latitude: '46.2188173', longitude: '6.0633841', number: '', title: 'Wider SA R\u00e9gion Gen\u00e8ve', pin_text: `<h6><strong>Wider SA R\u00e9gion Gen\u00e8ve<br \/>\n<small class=\"greyed\">Atelier<\/small><\/strong><\/h6>\n<p><strong>Collaborateurs<\/strong>: 42<br \/>\n<strong>Surface<\/strong>: 2&rsquo;590m2 (atelier + bureau + d\u00e9pot)<\/p>\n` },\n                        { address: 'Route de la Chaux 5, 1030 Bussigny, CH', latitude: '46.546716', longitude: '6.548057000000001', number: '', title: 'Wider SA \/ Espace Wider', pin_text: `<h6><strong>Wider SA \/ Espace Wider<br \/>\n<small class=\"greyed\">Atelier \u2022 Showroom<\/small><\/strong><\/h6>\n<p><strong>Collaborateurs<\/strong>: 144<br \/>\n<strong>Surface<\/strong>: 8&rsquo;250m2 (atelier + bureau + d\u00e9pot)<br \/>\n<strong>Showroom<\/strong>: 600m2<\/p>\n` },\n                        { address: 'Rue Centrale 25A, 3963 Crans-Montana, CH', latitude: '46.3063967', longitude: '7.4683395', number: '', title: 'Wider Crans-Montana', pin_text: `<h6><strong>Wider Crans-Montana<br \/>\n<small class=\"greyed\">Showroom<\/small><\/strong><\/h6>\n<p><strong>Showroom<\/strong>: 300m2<\/p>\n` },\n                        { address: 'Via Lombardia 83, 22063 Cant\u00f9, IT', latitude: '45.7160519', longitude: '9.159906099999999', number: '', title: 'Wider Italia SRL', pin_text: `<h6><strong>Wider Italia SRL<br \/>\n<small class=\"greyed\">Atelier<\/small><\/strong><\/h6>\n<p><strong>Collaborateurs<\/strong>: 14<br \/>\n<strong>Surface<\/strong>: 910m2 (bureau + d\u00e9pot)<\/p>\n` },\n                        { address: '416 W 13th St, Room 200 \u2013 10014 New York, US', latitude: '40.7404075', longitude: '-74.0068261', number: '', title: 'Wider Inc', pin_text: `<h6><strong>Wider Inc<br \/>\n<small class=\"greyed\">Filiale am\u00e9ricaine<\/small><\/strong><\/h6>\n<p><strong>Surface<\/strong>: 200m2 de bureau + 400m2 de d\u00e9pot<\/p>\n` },\n                    ];\n\n        \/\/ Add all markers to the map\n        markersData.forEach(function (marker) {\n            addMarker(marker);\n        });\n    }\n\n    function addMarker(m) {\n        let pinIconUrl = 'https:\/\/wider-sa.ch\/wp-content\/themes\/wider\/assets\/img\/pin.svg';\n        let pinText = false;\n        if (m.pin_text) {\n            pinText = '<div class=\"pin-inner\" style=\"min-width:200px;\">' + m.pin_text + '<\/div>';\n        }\n\n        let pinIcon;\n        if (m.number) {\n            \/\/ Create a custom SVG icon with the number\n            pinIcon = L.icon({\n                iconUrl: 'data:image\/svg+xml;charset=UTF-8,' + encodeURIComponent(`\n                    <svg width=\"50\" height=\"50\" viewBox=\"0 0 50 60\" xmlns=\"http:\/\/www.w3.org\/2000\/svg\">\n                        <path d=\"M42.2,42.4c4.6-4.6,7.2-10.8,7.1-17.2C49.4,11.7,38.5.7,25,.7S.6,11.7.6,25.1c0,6.5,2.6,12.7,7.1,17.2l17.2,17.2,17.2-17.2Z\" fill=\"#061d48\"\/>\n                        <text x=\"25\" y=\"31\" font-size=\"16\" fill=\"#FFFFFF\" text-anchor=\"middle\" font-family=\"Arial\">` + m.number + `<\/text>\n                    <\/svg>`),\n                iconSize: [50, 50], \/\/ Size of the icon\n                iconAnchor: [25, 50], \/\/ Anchor point of the icon\n                popupAnchor: [0, -50] \/\/ Popup anchor point\n            });\n        } else {\n            \/\/ Use the default pin icon\n            pinIcon = L.icon({\n                iconUrl: pinIconUrl,\n                iconSize: [50, 50], \/\/ Size of the icon\n                iconAnchor: [25, 50], \/\/ Anchor point of the icon\n                popupAnchor: [0, -50] \/\/ Popup anchor point\n            });\n        }\n\n        if (m.latitude && m.longitude) {\n            \/\/ Create a custom icon for the marker\n            \n\n            \/\/ Add the marker to the map\n            var marker = L.marker([parseFloat(m.latitude), parseFloat(m.longitude)], {\n                icon: pinIcon,\n                title: m.title\n            }).addTo(map);\n\n            \/\/ Add a click event listener to the marker\n            if (pinText) {\n                marker.bindPopup(pinText);\n                marker.on('click', function () {\n                    map.setView(marker.getLatLng(), map.getZoom());\n                });\n            }\n\n            \/\/ Store the marker in the markers array\n            markers.push(marker);\n        } \n    }\n\n    function centerMapToMarker(title) {\n        var getMarker = markers.find(function (item) {\n            return item.options.title === title;\n        });\n        if (getMarker) {\n            map.setView(getMarker.getLatLng(), map.getZoom());\n        }\n    }\n\n    \/\/ Initialize the map when the script loads\n    initMap();\n<\/script>\n        <\/div>\n    <\/div>\n<\/section>\n\n\n\n\n\n\n<section  class=\"text-section section has-background-blue\">\n    <div class=\"section-inner\">\n        <div class=\"wrapper-full\"> \n\n            <div class=\"grid-row spaced-xlarge\">\n                <div class=\"editor-content text-light col-6\">\n                     <h3 class=\"h3\"> Any questions?<br \/>\r\nA new project?<br \/>\r\n<small>Send us a message.<\/small> <\/h3>                                     <\/div>\n                <div class=\"editor-content text-light col-6\">\n                    \n                    \n<div class=\"wpcf7 no-js\" id=\"wpcf7-f1535-o1\" lang=\"fr-FR\" dir=\"ltr\">\n<div class=\"screen-reader-response\"><p role=\"status\" aria-live=\"polite\" aria-atomic=\"true\"><\/p> <ul><\/ul><\/div>\n<form action=\"\/wp-json\/wp\/v2\/pages\/54\" method=\"post\" class=\"wpcf7-form init\" aria-label=\"Contact form\" novalidate=\"novalidate\" data-status=\"init\" data-trp-original-action=\"\/en\/wp-json\/wp\/v2\/pages\/54#wpcf7-f1535-o1\">\n<div style=\"display: none;\">\n<input type=\"hidden\" name=\"_wpcf7\" value=\"1535\" \/>\n<input type=\"hidden\" name=\"_wpcf7_version\" value=\"5.9.8\" \/>\n<input type=\"hidden\" name=\"_wpcf7_locale\" value=\"fr_FR\" \/>\n<input type=\"hidden\" name=\"_wpcf7_unit_tag\" value=\"wpcf7-f1535-o1\" \/>\n<input type=\"hidden\" name=\"_wpcf7_container_post\" value=\"0\" \/>\n<input type=\"hidden\" name=\"_wpcf7_posted_data_hash\" value=\"\" \/>\n<\/div>\n<div class=\"grid-row spaced-medium form-row no-margin\">\n    <div class=\"col-6\">\n        <div class=\"label-deplace\">\n            <div class=\"form-value\">\n                <span class=\"wpcf7-form-control-wrap\" data-name=\"company-input\"><input size=\"40\" maxlength=\"400\" class=\"wpcf7-form-control wpcf7-text wpcf7-validates-as-required\" id=\"company-input\" aria-required=\"true\" aria-invalid=\"false\" value=\"\" type=\"text\" name=\"company-input\" \/><\/span>\n            <\/div>\n            <label for=\"company-input\">Company name<\/label>\n        <\/div>\n    <\/div>\n    <div class=\"col-6\">\n        <div class=\"label-deplace\">\n            <div class=\"form-value\">\n                <span class=\"wpcf7-form-control-wrap\" data-name=\"nom-input\"><input size=\"40\" maxlength=\"400\" class=\"wpcf7-form-control wpcf7-text wpcf7-validates-as-required\" id=\"nom-input\" aria-required=\"true\" aria-invalid=\"false\" value=\"\" type=\"text\" name=\"nom-input\" \/><\/span>\n            <\/div>\n            <label for=\"nom-input\">Your first and last name<\/label>\n        <\/div>\n    <\/div>\n<\/div>\n\n<div class=\"grid-row spaced-medium form-row no-margin\">\n    <div class=\"col-6\">\n        <div class=\"label-deplace\">\n            <div class=\"form-value\">\n                <span class=\"wpcf7-form-control-wrap\" data-name=\"email-input\"><input size=\"40\" maxlength=\"400\" class=\"wpcf7-form-control wpcf7-email wpcf7-validates-as-required wpcf7-text wpcf7-validates-as-email\" id=\"email-input\" aria-required=\"true\" aria-invalid=\"false\" value=\"\" type=\"email\" name=\"email-input\" \/><\/span>\n            <\/div>\n            <label for=\"email-input\"> Email <\/label>\n        <\/div>\n    <\/div>\n    <div class=\"col-6\">\n        <div class=\"label-deplace\">\n            <div class=\"form-value\">\n                <span class=\"wpcf7-form-control-wrap\" data-name=\"tel-input\"><input size=\"40\" maxlength=\"400\" class=\"wpcf7-form-control wpcf7-tel wpcf7-validates-as-required wpcf7-text wpcf7-validates-as-tel\" id=\"tel-input\" aria-required=\"true\" aria-invalid=\"false\" value=\"\" type=\"tel\" name=\"tel-input\" \/><\/span>\n            <\/div>\n            <label for=\"email-input\"> Phone <\/label>\n        <\/div>\n    <\/div>\n<\/div>\n\n<div class=\"grid-row spaced-medium form-row\">\n    <div class=\"col-6\">\n        <div class=\"label-deplace\">\n            <div class=\"form-value\">\n                <span class=\"wpcf7-form-control-wrap\" data-name=\"sujet-input\"><input size=\"40\" maxlength=\"400\" class=\"wpcf7-form-control wpcf7-text wpcf7-validates-as-required\" id=\"sujet-input\" aria-required=\"true\" aria-invalid=\"false\" value=\"\" type=\"text\" name=\"sujet-input\" \/><\/span>\n            <\/div>\n            <label for=\"sujet-input\">Subject<\/label>\n        <\/div>\n    <\/div>\n    <div class=\"col-6\">\n        <div class=\"label-deplace\">\n            <div class=\"form-value form-value-file\">\n                <span class=\"wpcf7-form-control-wrap\" data-name=\"bureaux-input\"><select class=\"wpcf7-form-control wpcf7-select\" id=\"bureaux-input\" aria-invalid=\"false\" name=\"bureaux-input\"><option value=\"Montreux\">Montreux<\/option><option value=\"Gen\u00e8ve\">Geneva<\/option><option value=\"Bussigny\">Bussigny<\/option><option value=\"Crans-Montana\">Crans-Montana<\/option><option value=\"Italie\">Italy<\/option><option value=\"USA\">USA<\/option><\/select><\/span>\n            <\/div>\n            <label for=\"bureaux-input\"> Choose one of our sites <\/label>\n        <\/div>\n    <\/div>\n<\/div>\n<div class=\"form-row label-deplace\">\n    <div class=\"form-value\">\n        <span class=\"wpcf7-form-control-wrap\" data-name=\"message-input\"><textarea cols=\"40\" rows=\"10\" maxlength=\"2000\" class=\"wpcf7-form-control wpcf7-textarea\" aria-invalid=\"false\" name=\"message-input\"><\/textarea><\/span>\n    <\/div>\n    <label> Message <\/label>\n    <span id=\"wpcf7-69d0e5fd3089b-wrapper\" class=\"wpcf7-form-control-wrap website-input-wrap\" ><input type=\"hidden\" name=\"website-input-time-start\" value=\"1775298045\"><input type=\"hidden\" name=\"website-input-time-check\" value=\"8\"><label for=\"wpcf7-69d0e5fd3089b-field\" class=\"hp-message\">Please leave this field empty.<\/label><input id=\"wpcf7-69d0e5fd3089b-field\"  class=\"wpcf7-form-control wpcf7-text\" type=\"text\" name=\"website-input\" value=\"\" size=\"40\" tabindex=\"-1\" autocomplete=\"new-password\" \/><\/span>\n<\/div>\n\n<div class=\"form-row\">\n    <button class=\"btn btn-normal\" type=\"submit\">\n        <span class=\"btn-text\"><span>Send<\/span><span>Send<\/span><\/span>\n        <span class=\"btn-loader\"><span class=\"fs-loader-icon\"><\/span><\/span>\n    <\/button>\n<\/div><div class=\"wpcf7-response-output\" aria-hidden=\"true\"><\/div>\n<input type=\"hidden\" name=\"trp-form-language\" value=\"en\"\/><\/form>\n<\/div>\n\n                                         \n                                    <\/div>\n            <\/div>\n\n        <\/div>\n    <\/div>\n\n    \n<div class=\"fs-bg phat-widen\">\n\n    <div class=\"fs-bg-el fs-bg-blue phat-parallax\">\n            <\/div>\n\n    \n<\/div>\n<\/section>\n\n\n\n\n\n\n<section class=\"text-section section has-background-image text-light\">\n    <div class=\"section-inner\">\n        <div class=\"wrapper\"> \n\n            <div class=\"grid-row\">\n                <div class=\"col-12 editor-content\">\n                    <h3 style=\"text-align: center;\">Our projects<\/h3>\n<p class=\"no-margin h5 h4-mobile color-light\" style=\"text-align: center;\">Discover our creations and let yourself be inspired.<\/p>\n                    \n<p class=\"p-btn align-center\">\n\n<a class=\"btn btn-normal btn-blue\" href=\"https:\/\/wider-sa.ch\/en\/projects\/\" target=\"\" title=\"Discover our projects\" >\n            <span class=\"btn-text\"><span>Discover our projects<\/span><span>Discover our projects<\/span><\/span>\n        <\/a>\n\n<\/p>\n                <\/div> \n            <\/div>\n\n        <\/div>\n    <\/div>\n\n    \n<div class=\"fs-bg phat-widen\">\n\n    <div class=\"fs-bg-el has-overlay phat-parallax\">\n        <img class=\"fs-image\" src=\"https:\/\/wider-sa.ch\/wp-content\/uploads\/2024\/07\/HDH-Bar-1.webp\" srcset=\"https:\/\/wider-sa.ch\/wp-content\/uploads\/2024\/07\/HDH-Bar-1.webp 1680w, https:\/\/wider-sa.ch\/wp-content\/uploads\/2024\/07\/HDH-Bar-1-1440x960.webp 1440w, https:\/\/wider-sa.ch\/wp-content\/uploads\/2024\/07\/HDH-Bar-1-1024x683.webp 1024w, https:\/\/wider-sa.ch\/wp-content\/uploads\/2024\/07\/HDH-Bar-1-768x512.webp 768w, https:\/\/wider-sa.ch\/wp-content\/uploads\/2024\/07\/HDH-Bar-1-512x341.webp 512w\"  width=\"1620\" height=\"1080\" alt=\"HDH Bar (1)\" decoding=\"async\" loading=\"lazy\" >    <\/div>\n\n    \n<\/div>\n<\/section>","protected":false},"excerpt":{"rendered":"","protected":false},"author":1,"featured_media":0,"parent":0,"menu_order":0,"comment_status":"closed","ping_status":"closed","template":"","meta":{"footnotes":""},"class_list":["post-54","page","type-page","status-publish","hentry"],"acf":[],"_links":{"self":[{"href":"https:\/\/wider-sa.ch\/en\/wp-json\/wp\/v2\/pages\/54","targetHints":{"allow":["GET"]}}],"collection":[{"href":"https:\/\/wider-sa.ch\/en\/wp-json\/wp\/v2\/pages"}],"about":[{"href":"https:\/\/wider-sa.ch\/en\/wp-json\/wp\/v2\/types\/page"}],"author":[{"embeddable":true,"href":"https:\/\/wider-sa.ch\/en\/wp-json\/wp\/v2\/users\/1"}],"replies":[{"embeddable":true,"href":"https:\/\/wider-sa.ch\/en\/wp-json\/wp\/v2\/comments?post=54"}],"version-history":[{"count":21,"href":"https:\/\/wider-sa.ch\/en\/wp-json\/wp\/v2\/pages\/54\/revisions"}],"predecessor-version":[{"id":2046,"href":"https:\/\/wider-sa.ch\/en\/wp-json\/wp\/v2\/pages\/54\/revisions\/2046"}],"wp:attachment":[{"href":"https:\/\/wider-sa.ch\/en\/wp-json\/wp\/v2\/media?parent=54"}],"curies":[{"name":"wp","href":"https:\/\/api.w.org\/{rel}","templated":true}]}}